{"id":545,"date":"2024-04-02T12:13:17","date_gmt":"2024-04-02T10:13:17","guid":{"rendered":"https:\/\/elpatriarcal.com\/?page_id=545"},"modified":"2024-04-06T18:50:34","modified_gmt":"2024-04-06T16:50:34","slug":"aviso-legal","status":"publish","type":"page","link":"https:\/\/elpatriarcal.com\/en\/aviso-legal\/","title":{"rendered":"Legal Notice"},"content":{"rendered":"<div data-elementor-type=\"wp-page\" data-elementor-id=\"545\" class=\"elementor elementor-545\" data-elementor-post-type=\"page\">\n\t\t\t\t<div class=\"elementor-element elementor-element-1d567ee e-flex e-con-boxed e-con e-parent\" data-id=\"1d567ee\" data-element_type=\"container\" data-settings=\"{&quot;background_background&quot;:&quot;classic&quot;}\">\n\t\t\t\t\t<div class=\"e-con-inner\">\n\t\t<div class=\"elementor-element elementor-element-936b04c e-con-full e-flex e-con e-child\" data-id=\"936b04c\" data-element_type=\"container\" data-settings=\"{&quot;background_background&quot;:&quot;classic&quot;}\">\n\t\t<div class=\"elementor-element elementor-element-78f51be e-con-full e-flex e-con e-child\" data-id=\"78f51be\" data-element_type=\"container\" data-settings=\"{&quot;background_background&quot;:&quot;classic&quot;}\">\n\t\t\t\t<div class=\"elementor-element elementor-element-844268d elementor-widget elementor-widget-heading\" data-id=\"844268d\" data-element_type=\"widget\" data-widget_type=\"heading.default\">\n\t\t\t\t<div class=\"elementor-widget-container\">\n\t\t\t\t\t<h1 class=\"elementor-heading-title elementor-size-default\">Legal Notice<\/h1>\t\t\t\t<\/div>\n\t\t\t\t<\/div>\n\t\t\t\t<div class=\"elementor-element elementor-element-ac5076a elementor-widget-divider--view-line elementor-widget elementor-widget-divider\" data-id=\"ac5076a\" data-element_type=\"widget\" data-widget_type=\"divider.default\">\n\t\t\t\t<div class=\"elementor-widget-container\">\n\t\t\t\t\t\t\t<div class=\"elementor-divider\">\n\t\t\t<span class=\"elementor-divider-separator\">\n\t\t\t\t\t\t<\/span>\n\t\t<\/div>\n\t\t\t\t\t\t<\/div>\n\t\t\t\t<\/div>\n\t\t\t\t<div class=\"elementor-element elementor-element-04e9aa5 elementor-widget elementor-widget-text-editor\" data-id=\"04e9aa5\" data-element_type=\"widget\" data-widget_type=\"text-editor.default\">\n\t\t\t\t<div class=\"elementor-widget-container\">\n\t\t\t\t\t\t\t\t\t<p>\u00a0<\/p><p><strong>Owner Identification<\/strong><\/p><p>This website, accessible from https:\/\/elpatriarcal.com, is the property of Jer\u00f3nimo Flores G\u00f3mez, located at Carretera P-101 Moriles A Aguilar Km 1 (14510). To contact, you can use the following means:<\/p><p>- Phone: +34 663 86 08 26<br \/>- E-mail: info@elpatriarcal.com<\/p><p><strong>Hosting Service<\/strong><\/p><p>The hosting service for this website is provided by:<\/p><p>- Webempresa Europa S.L.<br \/>- Address: Calle Almagro 11, 28010 Madrid, Spain<br \/>- Phone: 910912834<br \/>- E-mail: comercial@webempresa.com<\/p><p><strong>Users<\/strong><\/p><p>This Legal Notice regulates the use of the Owner's website available to the public. Access and\/or use of the website confers the status of USER, who accepts the conditions of use presented herein. These conditions apply regardless of any other applicable general contracting conditions.<\/p><p><strong>Use of the Portal<\/strong><\/p><p>The website https:\/\/elpatriarcal.com offers access to various contents related to the Owner or its licensors. The USER is responsible for the use of the portal, including the registration required to access certain services or content. The USER undertakes to provide true and lawful information in such registration.<\/p><p>The USER is expected to make appropriate use of the content and services offered, avoiding illicit activities, dissemination of discriminatory content, damage to physical or logical systems, and unauthorised use of e-mail accounts.<\/p><p><strong>Data Protection<\/strong><\/p><p>The data protection policy is outlined in the corresponding privacy policy document.<\/p><p><strong>Intellectual and Industrial Property<\/strong><\/p><p>El Propietario posee todos los derechos de propiedad intelectual e industrial del sitio web y de los elementos contenidos en \u00e9l. Queda prohibida la reproducci\u00f3n, distribuci\u00f3n y comunicaci\u00f3n p\u00fablica de los contenidos del sitio web con fines comerciales sin la autorizaci\u00f3n del Propietario.<\/p><p><strong>Exclusi\u00f3n de Garant\u00edas y Responsabilidad<\/strong><\/p><p>The USER acknowledges that the use of the website is done at their own risk. The Owner does not assume responsibility for the availability of the site, the suitability of the content for the USER's objectives, infringements of intellectual property rights, presence of harmful elements, or fraudulent access by third parties, among others.<\/p><p><strong>Modifications and Duration<\/strong><\/p><p>The Owner reserves the right to deny or withdraw access to the website and\/or the services offered without prior notice for non-compliance with this legal notice.<\/p><p><strong>Links<\/strong><\/p><p>The Owner does not control the websites linked from its portal and is not responsible for their content.<\/p><p><strong>Right of Exclusion<\/strong><\/p><p>The Owner may deny or withdraw access to the website and\/or the services offered without prior notice for non-compliance with this legal notice.<\/p><p><strong>General Information<\/strong><\/p><p>The Owner will take action against the breach of these conditions and any misuse of the portal, exercising the corresponding legal actions.<\/p><p><strong>Applicable Legislation and Jurisdiction<\/strong><\/p><p>The relations between the Owner and the USER shall be governed by Spanish legislation. Any dispute shall be resolved in the competent courts and tribunals.<\/p>\t\t\t\t\t\t\t\t<\/div>\n\t\t\t\t<\/div>\n\t\t\t\t<\/div>\n\t\t\t\t<\/div>\n\t\t\t\t\t<\/div>\n\t\t\t\t<\/div>\n\t\t\t\t<\/div>","protected":false},"excerpt":{"rendered":"<p>Aviso Legal Identificaci\u00f3n del Propietario Este sitio web, accesible desde https:\/\/elpatriarcal.com, es propiedad de Jer\u00f3nimo Flores G\u00f3mez, localizado en Carretera P-101 Moriles A Aguilar Km 1 (14510). Para contactar, se pueden utilizar los siguientes medios: &#8211; Tel\u00e9fono: +34 663 86 08 26 &#8211; Correo electr\u00f3nico: info@elpatriarcal.com Servicio de Hospedaje El servicio de hospedaje para este [&hellip;]<\/p>","protected":false},"author":1,"featured_media":0,"parent":0,"menu_order":0,"comment_status":"closed","ping_status":"closed","template":"","meta":{"site-sidebar-layout":"no-sidebar","site-content-layout":"","ast-site-content-layout":"full-width-container","site-content-style":"default","site-sidebar-style":"default","ast-global-header-display":"","ast-banner-title-visibility":"","ast-main-header-display":"","ast-hfb-above-header-display":"","ast-hfb-below-header-display":"","ast-hfb-mobile-header-display":"","site-post-title":"disabled","ast-breadcrumbs-content":"","ast-featured-img":"disabled","footer-sml-layout":"","theme-transparent-header-meta":"default","adv-header-id-meta":"","stick-header-meta":"","header-above-stick-meta":"","header-main-stick-meta":"","header-below-stick-meta":"","astra-migrate-meta-layouts":"set","ast-page-background-enabled":"default","ast-page-background-meta":{"desktop":{"background-color":"var(--ast-global-color-4)","background-image":"","background-repeat":"repeat","background-position":"center center","background-size":"auto","background-attachment":"scroll","background-type":"","background-media":"","overlay-type":"","overlay-color":"","overlay-opacity":"","overlay-gradient":""},"tablet":{"background-color":"","background-image":"","background-repeat":"repeat","background-position":"center center","background-size":"auto","background-attachment":"scroll","background-type":"","background-media":"","overlay-type":"","overlay-color":"","overlay-opacity":"","overlay-gradient":""},"mobile":{"background-color":"","background-image":"","background-repeat":"repeat","background-position":"center center","background-size":"auto","background-attachment":"scroll","background-type":"","background-media":"","overlay-type":"","overlay-color":"","overlay-opacity":"","overlay-gradient":""}},"ast-content-background-meta":{"desktop":{"background-color":"var(--ast-global-color-5)","background-image":"","background-repeat":"repeat","background-position":"center center","background-size":"auto","background-attachment":"scroll","background-type":"","background-media":"","overlay-type":"","overlay-color":"","overlay-opacity":"","overlay-gradient":""},"tablet":{"background-color":"var(--ast-global-color-5)","background-image":"","background-repeat":"repeat","background-position":"center center","background-size":"auto","background-attachment":"scroll","background-type":"","background-media":"","overlay-type":"","overlay-color":"","overlay-opacity":"","overlay-gradient":""},"mobile":{"background-color":"var(--ast-global-color-5)","background-image":"","background-repeat":"repeat","background-position":"center center","background-size":"auto","background-attachment":"scroll","background-type":"","background-media":"","overlay-type":"","overlay-color":"","overlay-opacity":"","overlay-gradient":""}},"_joinchat":[],"footnotes":""},"class_list":["post-545","page","type-page","status-publish","hentry"],"yoast_head":"<!-- This site is optimized with the Yoast SEO plugin v24.3 - https:\/\/yoast.com\/wordpress\/plugins\/seo\/ -->\n<title>Aviso Legal - Cortijo el Patriarcal<\/title>\n<meta name=\"robots\" content=\"noindex, follow\" \/>\n<meta property=\"og:locale\" content=\"en_GB\" \/>\n<meta property=\"og:type\" content=\"article\" \/>\n<meta property=\"og:title\" content=\"Aviso Legal - Cortijo el Patriarcal\" \/>\n<meta property=\"og:description\" content=\"Aviso Legal Identificaci\u00f3n del Propietario Este sitio web, accesible desde https:\/\/elpatriarcal.com, es propiedad de Jer\u00f3nimo Flores G\u00f3mez, localizado en Carretera P-101 Moriles A Aguilar Km 1 (14510). Para contactar, se pueden utilizar los siguientes medios: &#8211; Tel\u00e9fono: +34 663 86 08 26 &#8211; Correo electr\u00f3nico: info@elpatriarcal.com Servicio de Hospedaje El servicio de hospedaje para este [&hellip;]\" \/>\n<meta property=\"og:url\" content=\"https:\/\/elpatriarcal.com\/en\/aviso-legal\/\" \/>\n<meta property=\"og:site_name\" content=\"Cortijo el Patriarcal\" \/>\n<meta property=\"article:publisher\" content=\"https:\/\/www.facebook.com\/cortijoelpatriarcal.es\" \/>\n<meta property=\"article:modified_time\" content=\"2024-04-06T16:50:34+00:00\" \/>\n<meta name=\"twitter:card\" content=\"summary_large_image\" \/>\n<meta name=\"twitter:label1\" content=\"Estimated reading time\" \/>\n\t<meta name=\"twitter:data1\" content=\"3 minutes\" \/>\n<script type=\"application\/ld+json\" class=\"yoast-schema-graph\">{\"@context\":\"https:\/\/schema.org\",\"@graph\":[{\"@type\":\"WebPage\",\"@id\":\"https:\/\/elpatriarcal.com\/aviso-legal\/\",\"url\":\"https:\/\/elpatriarcal.com\/aviso-legal\/\",\"name\":\"Aviso Legal - Cortijo el Patriarcal\",\"isPartOf\":{\"@id\":\"https:\/\/elpatriarcal.com\/#website\"},\"datePublished\":\"2024-04-02T10:13:17+00:00\",\"dateModified\":\"2024-04-06T16:50:34+00:00\",\"breadcrumb\":{\"@id\":\"https:\/\/elpatriarcal.com\/aviso-legal\/#breadcrumb\"},\"inLanguage\":\"en-GB\",\"potentialAction\":[{\"@type\":\"ReadAction\",\"target\":[\"https:\/\/elpatriarcal.com\/aviso-legal\/\"]}]},{\"@type\":\"BreadcrumbList\",\"@id\":\"https:\/\/elpatriarcal.com\/aviso-legal\/#breadcrumb\",\"itemListElement\":[{\"@type\":\"ListItem\",\"position\":1,\"name\":\"Portada\",\"item\":\"https:\/\/elpatriarcal.com\/\"},{\"@type\":\"ListItem\",\"position\":2,\"name\":\"Aviso Legal\"}]},{\"@type\":\"WebSite\",\"@id\":\"https:\/\/elpatriarcal.com\/#website\",\"url\":\"https:\/\/elpatriarcal.com\/\",\"name\":\"Cortijo el Patriarcal\",\"description\":\"\",\"publisher\":{\"@id\":\"https:\/\/elpatriarcal.com\/#organization\"},\"potentialAction\":[{\"@type\":\"SearchAction\",\"target\":{\"@type\":\"EntryPoint\",\"urlTemplate\":\"https:\/\/elpatriarcal.com\/?s={search_term_string}\"},\"query-input\":{\"@type\":\"PropertyValueSpecification\",\"valueRequired\":true,\"valueName\":\"search_term_string\"}}],\"inLanguage\":\"en-GB\"},{\"@type\":\"Organization\",\"@id\":\"https:\/\/elpatriarcal.com\/#organization\",\"name\":\"Cortijo el Patriarcal\",\"url\":\"https:\/\/elpatriarcal.com\/\",\"logo\":{\"@type\":\"ImageObject\",\"inLanguage\":\"en-GB\",\"@id\":\"https:\/\/elpatriarcal.com\/#\/schema\/logo\/image\/\",\"url\":\"https:\/\/elpatriarcal.com\/wp-content\/uploads\/2024\/02\/Diseno-sin-titulo-_11_.webp\",\"contentUrl\":\"https:\/\/elpatriarcal.com\/wp-content\/uploads\/2024\/02\/Diseno-sin-titulo-_11_.webp\",\"width\":675,\"height\":675,\"caption\":\"Cortijo el Patriarcal\"},\"image\":{\"@id\":\"https:\/\/elpatriarcal.com\/#\/schema\/logo\/image\/\"},\"sameAs\":[\"https:\/\/www.facebook.com\/cortijoelpatriarcal.es\"]}]}<\/script>\n<!-- \/ Yoast SEO plugin. -->","yoast_head_json":{"title":"Aviso Legal - Cortijo el Patriarcal","robots":{"index":"noindex","follow":"follow"},"og_locale":"en_GB","og_type":"article","og_title":"Aviso Legal - Cortijo el Patriarcal","og_description":"Aviso Legal Identificaci\u00f3n del Propietario Este sitio web, accesible desde https:\/\/elpatriarcal.com, es propiedad de Jer\u00f3nimo Flores G\u00f3mez, localizado en Carretera P-101 Moriles A Aguilar Km 1 (14510). Para contactar, se pueden utilizar los siguientes medios: &#8211; Tel\u00e9fono: +34 663 86 08 26 &#8211; Correo electr\u00f3nico: info@elpatriarcal.com Servicio de Hospedaje El servicio de hospedaje para este [&hellip;]","og_url":"https:\/\/elpatriarcal.com\/en\/aviso-legal\/","og_site_name":"Cortijo el Patriarcal","article_publisher":"https:\/\/www.facebook.com\/cortijoelpatriarcal.es","article_modified_time":"2024-04-06T16:50:34+00:00","twitter_card":"summary_large_image","twitter_misc":{"Estimated reading time":"3 minutes"},"schema":{"@context":"https:\/\/schema.org","@graph":[{"@type":"WebPage","@id":"https:\/\/elpatriarcal.com\/aviso-legal\/","url":"https:\/\/elpatriarcal.com\/aviso-legal\/","name":"Aviso Legal - Cortijo el Patriarcal","isPartOf":{"@id":"https:\/\/elpatriarcal.com\/#website"},"datePublished":"2024-04-02T10:13:17+00:00","dateModified":"2024-04-06T16:50:34+00:00","breadcrumb":{"@id":"https:\/\/elpatriarcal.com\/aviso-legal\/#breadcrumb"},"inLanguage":"en-GB","potentialAction":[{"@type":"ReadAction","target":["https:\/\/elpatriarcal.com\/aviso-legal\/"]}]},{"@type":"BreadcrumbList","@id":"https:\/\/elpatriarcal.com\/aviso-legal\/#breadcrumb","itemListElement":[{"@type":"ListItem","position":1,"name":"Portada","item":"https:\/\/elpatriarcal.com\/"},{"@type":"ListItem","position":2,"name":"Aviso Legal"}]},{"@type":"WebSite","@id":"https:\/\/elpatriarcal.com\/#website","url":"https:\/\/elpatriarcal.com\/","name":"Cortijo el Patriarcal","description":"","publisher":{"@id":"https:\/\/elpatriarcal.com\/#organization"},"potentialAction":[{"@type":"SearchAction","target":{"@type":"EntryPoint","urlTemplate":"https:\/\/elpatriarcal.com\/?s={search_term_string}"},"query-input":{"@type":"PropertyValueSpecification","valueRequired":true,"valueName":"search_term_string"}}],"inLanguage":"en-GB"},{"@type":"Organization","@id":"https:\/\/elpatriarcal.com\/#organization","name":"Cortijo el Patriarcal","url":"https:\/\/elpatriarcal.com\/","logo":{"@type":"ImageObject","inLanguage":"en-GB","@id":"https:\/\/elpatriarcal.com\/#\/schema\/logo\/image\/","url":"https:\/\/elpatriarcal.com\/wp-content\/uploads\/2024\/02\/Diseno-sin-titulo-_11_.webp","contentUrl":"https:\/\/elpatriarcal.com\/wp-content\/uploads\/2024\/02\/Diseno-sin-titulo-_11_.webp","width":675,"height":675,"caption":"Cortijo el Patriarcal"},"image":{"@id":"https:\/\/elpatriarcal.com\/#\/schema\/logo\/image\/"},"sameAs":["https:\/\/www.facebook.com\/cortijoelpatriarcal.es"]}]}},"_links":{"self":[{"href":"https:\/\/elpatriarcal.com\/en\/wp-json\/wp\/v2\/pages\/545","targetHints":{"allow":["GET"]}}],"collection":[{"href":"https:\/\/elpatriarcal.com\/en\/wp-json\/wp\/v2\/pages"}],"about":[{"href":"https:\/\/elpatriarcal.com\/en\/wp-json\/wp\/v2\/types\/page"}],"author":[{"embeddable":true,"href":"https:\/\/elpatriarcal.com\/en\/wp-json\/wp\/v2\/users\/1"}],"replies":[{"embeddable":true,"href":"https:\/\/elpatriarcal.com\/en\/wp-json\/wp\/v2\/comments?post=545"}],"version-history":[{"count":5,"href":"https:\/\/elpatriarcal.com\/en\/wp-json\/wp\/v2\/pages\/545\/revisions"}],"predecessor-version":[{"id":1360,"href":"https:\/\/elpatriarcal.com\/en\/wp-json\/wp\/v2\/pages\/545\/revisions\/1360"}],"wp:attachment":[{"href":"https:\/\/elpatriarcal.com\/en\/wp-json\/wp\/v2\/media?parent=545"}],"curies":[{"name":"wp","href":"https:\/\/api.w.org\/{rel}","templated":true}]}}