{"id":550,"date":"2024-04-02T12:17:45","date_gmt":"2024-04-02T10:17:45","guid":{"rendered":"https:\/\/elpatriarcal.com\/?page_id=550"},"modified":"2024-04-06T18:50:42","modified_gmt":"2024-04-06T16:50:42","slug":"politica-de-privacidad","status":"publish","type":"page","link":"https:\/\/elpatriarcal.com\/en\/politica-de-privacidad\/","title":{"rendered":"Privacy Policy"},"content":{"rendered":"<div data-elementor-type=\"wp-page\" data-elementor-id=\"550\" class=\"elementor elementor-550\" data-elementor-post-type=\"page\">\n\t\t\t\t<div class=\"elementor-element elementor-element-0bc1575 e-flex e-con-boxed e-con e-parent\" data-id=\"0bc1575\" data-element_type=\"container\" data-settings=\"{&quot;background_background&quot;:&quot;classic&quot;}\">\n\t\t\t\t\t<div class=\"e-con-inner\">\n\t\t<div class=\"elementor-element elementor-element-665e92b e-con-full e-flex e-con e-child\" data-id=\"665e92b\" data-element_type=\"container\" data-settings=\"{&quot;background_background&quot;:&quot;classic&quot;}\">\n\t\t<div class=\"elementor-element elementor-element-d05f717 e-con-full e-flex e-con e-child\" data-id=\"d05f717\" data-element_type=\"container\" data-settings=\"{&quot;background_background&quot;:&quot;classic&quot;}\">\n\t\t\t\t<div class=\"elementor-element elementor-element-f651fe8 elementor-widget elementor-widget-heading\" data-id=\"f651fe8\" data-element_type=\"widget\" data-widget_type=\"heading.default\">\n\t\t\t\t<div class=\"elementor-widget-container\">\n\t\t\t\t\t<h1 class=\"elementor-heading-title elementor-size-default\">Privacy Policy<\/h1>\t\t\t\t<\/div>\n\t\t\t\t<\/div>\n\t\t\t\t<div class=\"elementor-element elementor-element-8fbc975 elementor-widget-divider--view-line elementor-widget elementor-widget-divider\" data-id=\"8fbc975\" data-element_type=\"widget\" data-widget_type=\"divider.default\">\n\t\t\t\t<div class=\"elementor-widget-container\">\n\t\t\t\t\t\t\t<div class=\"elementor-divider\">\n\t\t\t<span class=\"elementor-divider-separator\">\n\t\t\t\t\t\t<\/span>\n\t\t<\/div>\n\t\t\t\t\t\t<\/div>\n\t\t\t\t<\/div>\n\t\t\t\t<div class=\"elementor-element elementor-element-a8608ba elementor-widget elementor-widget-text-editor\" data-id=\"a8608ba\" data-element_type=\"widget\" data-widget_type=\"text-editor.default\">\n\t\t\t\t<div class=\"elementor-widget-container\">\n\t\t\t\t\t\t\t\t\t<p><strong>Introduction<\/strong><\/p><p>The Website <a href=\"https:\/\/elpatriarcal.com\/en\/\" target=\"_new\">https:\/\/elpatriarcal.com<\/a> is committed to protecting individual rights, especially in the context of automated processing, and aims to be transparent with the User. Therefore, it has established a policy that includes these processes, their objectives, their legal basis, and the rights of the Users.<\/p><p><strong>Consent<\/strong><\/p><p>By browsing this website, the User fully accepts the provisions and conditions of use, including the use of cookies. To reject, the User can contact <a target=\"_new\">info@elpatriarcal.com<\/a>.<\/p><p><strong>Data Collection<\/strong><\/p><p>The personal data is collected by the OWNER and may include information such as name, surname, address, email, phone number, among others. This data is primarily used to manage the relationship with the User, improve their experience, and, if necessary, process their requests or orders.<\/p><p><strong>Purpose of Processing<\/strong><\/p><p>The collected data is used for managing the relationship with the User, offering products and services according to their interests, and improving their experience. This data will be retained for the duration of the commercial relationship or as necessary to fulfill legal obligations.<\/p><p><strong>Legitimation<\/strong><\/p><p>The legal basis for the processing of personal data is the execution or fulfillment of the contract and the legitimate interest of the OWNER.<\/p><p><strong>Data Communication<\/strong><\/p><p>Personal data may be communicated to third parties related to the OWNER by contract for the management of the User's account or when necessary by law. Data may be transferred to third countries or international organizations under certain conditions.<\/p><p><strong>Cookies<\/strong><\/p><p>The website informs about the use of cookies on the first navigation, allowing the User to accept all cookies or only the essential ones.<\/p><p><strong>User Rights<\/strong><\/p><p>The User has the right to access, rectify, cancel, object to, and request the portability of their data. In case of dissatisfaction, they can file a complaint with the AEPD (Spanish Data Protection Agency).<\/p><p><strong>User Responsibility<\/strong><\/p><p>The User is responsible for the accuracy of the provided data and must keep it updated. The OWNER takes necessary measures to protect the confidentiality and security of the data but is not responsible for unauthorized access by third parties.<\/p><p><strong>Exercise of Rights<\/strong><\/p><p>The rights can be exercised by written and signed request sent to the address of the OWNER or by email to info@elpatriarcal.com. <a target=\"_new\">info@elpatriarcal.com<\/a>.<\/p><p><strong>Data Protection Officer<\/strong><\/p><p>The Data Protection Officer is Jer\u00f3nimo Flores G\u00f3mez.<\/p><p>This policy reflects the commitment of <a href=\"https:\/\/elpatriarcal.com\/en\/\" target=\"_new\">https:\/\/elpatriarcal.com<\/a> to the protection of personal data, offering transparency and ensuring the rights of Users under current regulations.<\/p>\t\t\t\t\t\t\t\t<\/div>\n\t\t\t\t<\/div>\n\t\t\t\t<\/div>\n\t\t\t\t<\/div>\n\t\t\t\t\t<\/div>\n\t\t\t\t<\/div>\n\t\t\t\t<\/div>","protected":false},"excerpt":{"rendered":"<p>Pol\u00edtica de privacidad Introducci\u00f3n El sitio web https:\/\/elpatriarcal.com se compromete a proteger los derechos individuales, especialmente en el contexto de tratamientos automatizados, y desea ser transparente con el Usuario. Por tanto, ha establecido una pol\u00edtica que incluye estos tratamientos, sus objetivos, la base legal de los mismos y los derechos de los Usuarios. Consentimiento Al [&hellip;]<\/p>","protected":false},"author":1,"featured_media":0,"parent":0,"menu_order":0,"comment_status":"closed","ping_status":"closed","template":"","meta":{"site-sidebar-layout":"no-sidebar","site-content-layout":"","ast-site-content-layout":"full-width-container","site-content-style":"default","site-sidebar-style":"default","ast-global-header-display":"","ast-banner-title-visibility":"","ast-main-header-display":"","ast-hfb-above-header-display":"","ast-hfb-below-header-display":"","ast-hfb-mobile-header-display":"","site-post-title":"disabled","ast-breadcrumbs-content":"","ast-featured-img":"disabled","footer-sml-layout":"","theme-transparent-header-meta":"default","adv-header-id-meta":"","stick-header-meta":"","header-above-stick-meta":"","header-main-stick-meta":"","header-below-stick-meta":"","astra-migrate-meta-layouts":"set","ast-page-background-enabled":"default","ast-page-background-meta":{"desktop":{"background-color":"var(--ast-global-color-4)","background-image":"","background-repeat":"repeat","background-position":"center center","background-size":"auto","background-attachment":"scroll","background-type":"","background-media":"","overlay-type":"","overlay-color":"","overlay-opacity":"","overlay-gradient":""},"tablet":{"background-color":"","background-image":"","background-repeat":"repeat","background-position":"center center","background-size":"auto","background-attachment":"scroll","background-type":"","background-media":"","overlay-type":"","overlay-color":"","overlay-opacity":"","overlay-gradient":""},"mobile":{"background-color":"","background-image":"","background-repeat":"repeat","background-position":"center center","background-size":"auto","background-attachment":"scroll","background-type":"","background-media":"","overlay-type":"","overlay-color":"","overlay-opacity":"","overlay-gradient":""}},"ast-content-background-meta":{"desktop":{"background-color":"var(--ast-global-color-5)","background-image":"","background-repeat":"repeat","background-position":"center center","background-size":"auto","background-attachment":"scroll","background-type":"","background-media":"","overlay-type":"","overlay-color":"","overlay-opacity":"","overlay-gradient":""},"tablet":{"background-color":"var(--ast-global-color-5)","background-image":"","background-repeat":"repeat","background-position":"center center","background-size":"auto","background-attachment":"scroll","background-type":"","background-media":"","overlay-type":"","overlay-color":"","overlay-opacity":"","overlay-gradient":""},"mobile":{"background-color":"var(--ast-global-color-5)","background-image":"","background-repeat":"repeat","background-position":"center center","background-size":"auto","background-attachment":"scroll","background-type":"","background-media":"","overlay-type":"","overlay-color":"","overlay-opacity":"","overlay-gradient":""}},"_joinchat":[],"footnotes":""},"class_list":["post-550","page","type-page","status-publish","hentry"],"yoast_head":"<!-- This site is optimized with the Yoast SEO plugin v24.3 - https:\/\/yoast.com\/wordpress\/plugins\/seo\/ -->\n<title>Pol\u00edtica de Privacidad - Cortijo el Patriarcal<\/title>\n<meta name=\"robots\" content=\"index, nofollow, max-snippet:-1, max-image-preview:large, max-video-preview:-1\" \/>\n<link rel=\"canonical\" href=\"https:\/\/elpatriarcal.com\/en\/politica-de-privacidad\/\" \/>\n<meta property=\"og:locale\" content=\"en_GB\" \/>\n<meta property=\"og:type\" content=\"article\" \/>\n<meta property=\"og:title\" content=\"Pol\u00edtica de Privacidad - Cortijo el Patriarcal\" \/>\n<meta property=\"og:description\" content=\"Pol\u00edtica de privacidad Introducci\u00f3n El sitio web https:\/\/elpatriarcal.com se compromete a proteger los derechos individuales, especialmente en el contexto de tratamientos automatizados, y desea ser transparente con el Usuario. Por tanto, ha establecido una pol\u00edtica que incluye estos tratamientos, sus objetivos, la base legal de los mismos y los derechos de los Usuarios. Consentimiento Al [&hellip;]\" \/>\n<meta property=\"og:url\" content=\"https:\/\/elpatriarcal.com\/en\/politica-de-privacidad\/\" \/>\n<meta property=\"og:site_name\" content=\"Cortijo el Patriarcal\" \/>\n<meta property=\"article:publisher\" content=\"https:\/\/www.facebook.com\/cortijoelpatriarcal.es\" \/>\n<meta property=\"article:modified_time\" content=\"2024-04-06T16:50:42+00:00\" \/>\n<meta name=\"twitter:card\" content=\"summary_large_image\" \/>\n<meta name=\"twitter:label1\" content=\"Estimated reading time\" \/>\n\t<meta name=\"twitter:data1\" content=\"2 minutes\" \/>\n<script type=\"application\/ld+json\" class=\"yoast-schema-graph\">{\"@context\":\"https:\/\/schema.org\",\"@graph\":[{\"@type\":\"WebPage\",\"@id\":\"https:\/\/elpatriarcal.com\/politica-de-privacidad\/\",\"url\":\"https:\/\/elpatriarcal.com\/politica-de-privacidad\/\",\"name\":\"Pol\u00edtica de Privacidad - Cortijo el Patriarcal\",\"isPartOf\":{\"@id\":\"https:\/\/elpatriarcal.com\/#website\"},\"datePublished\":\"2024-04-02T10:17:45+00:00\",\"dateModified\":\"2024-04-06T16:50:42+00:00\",\"breadcrumb\":{\"@id\":\"https:\/\/elpatriarcal.com\/politica-de-privacidad\/#breadcrumb\"},\"inLanguage\":\"en-GB\",\"potentialAction\":[{\"@type\":\"ReadAction\",\"target\":[\"https:\/\/elpatriarcal.com\/politica-de-privacidad\/\"]}]},{\"@type\":\"BreadcrumbList\",\"@id\":\"https:\/\/elpatriarcal.com\/politica-de-privacidad\/#breadcrumb\",\"itemListElement\":[{\"@type\":\"ListItem\",\"position\":1,\"name\":\"Portada\",\"item\":\"https:\/\/elpatriarcal.com\/\"},{\"@type\":\"ListItem\",\"position\":2,\"name\":\"Pol\u00edtica de Privacidad\"}]},{\"@type\":\"WebSite\",\"@id\":\"https:\/\/elpatriarcal.com\/#website\",\"url\":\"https:\/\/elpatriarcal.com\/\",\"name\":\"Cortijo el Patriarcal\",\"description\":\"\",\"publisher\":{\"@id\":\"https:\/\/elpatriarcal.com\/#organization\"},\"potentialAction\":[{\"@type\":\"SearchAction\",\"target\":{\"@type\":\"EntryPoint\",\"urlTemplate\":\"https:\/\/elpatriarcal.com\/?s={search_term_string}\"},\"query-input\":{\"@type\":\"PropertyValueSpecification\",\"valueRequired\":true,\"valueName\":\"search_term_string\"}}],\"inLanguage\":\"en-GB\"},{\"@type\":\"Organization\",\"@id\":\"https:\/\/elpatriarcal.com\/#organization\",\"name\":\"Cortijo el Patriarcal\",\"url\":\"https:\/\/elpatriarcal.com\/\",\"logo\":{\"@type\":\"ImageObject\",\"inLanguage\":\"en-GB\",\"@id\":\"https:\/\/elpatriarcal.com\/#\/schema\/logo\/image\/\",\"url\":\"https:\/\/elpatriarcal.com\/wp-content\/uploads\/2024\/02\/Diseno-sin-titulo-_11_.webp\",\"contentUrl\":\"https:\/\/elpatriarcal.com\/wp-content\/uploads\/2024\/02\/Diseno-sin-titulo-_11_.webp\",\"width\":675,\"height\":675,\"caption\":\"Cortijo el Patriarcal\"},\"image\":{\"@id\":\"https:\/\/elpatriarcal.com\/#\/schema\/logo\/image\/\"},\"sameAs\":[\"https:\/\/www.facebook.com\/cortijoelpatriarcal.es\"]}]}<\/script>\n<!-- \/ Yoast SEO plugin. -->","yoast_head_json":{"title":"Pol\u00edtica de Privacidad - Cortijo el Patriarcal","robots":{"index":"index","follow":"nofollow","max-snippet":"max-snippet:-1","max-image-preview":"max-image-preview:large","max-video-preview":"max-video-preview:-1"},"canonical":"https:\/\/elpatriarcal.com\/en\/politica-de-privacidad\/","og_locale":"en_GB","og_type":"article","og_title":"Pol\u00edtica de Privacidad - Cortijo el Patriarcal","og_description":"Pol\u00edtica de privacidad Introducci\u00f3n El sitio web https:\/\/elpatriarcal.com se compromete a proteger los derechos individuales, especialmente en el contexto de tratamientos automatizados, y desea ser transparente con el Usuario. Por tanto, ha establecido una pol\u00edtica que incluye estos tratamientos, sus objetivos, la base legal de los mismos y los derechos de los Usuarios. Consentimiento Al [&hellip;]","og_url":"https:\/\/elpatriarcal.com\/en\/politica-de-privacidad\/","og_site_name":"Cortijo el Patriarcal","article_publisher":"https:\/\/www.facebook.com\/cortijoelpatriarcal.es","article_modified_time":"2024-04-06T16:50:42+00:00","twitter_card":"summary_large_image","twitter_misc":{"Estimated reading time":"2 minutes"},"schema":{"@context":"https:\/\/schema.org","@graph":[{"@type":"WebPage","@id":"https:\/\/elpatriarcal.com\/politica-de-privacidad\/","url":"https:\/\/elpatriarcal.com\/politica-de-privacidad\/","name":"Pol\u00edtica de Privacidad - Cortijo el Patriarcal","isPartOf":{"@id":"https:\/\/elpatriarcal.com\/#website"},"datePublished":"2024-04-02T10:17:45+00:00","dateModified":"2024-04-06T16:50:42+00:00","breadcrumb":{"@id":"https:\/\/elpatriarcal.com\/politica-de-privacidad\/#breadcrumb"},"inLanguage":"en-GB","potentialAction":[{"@type":"ReadAction","target":["https:\/\/elpatriarcal.com\/politica-de-privacidad\/"]}]},{"@type":"BreadcrumbList","@id":"https:\/\/elpatriarcal.com\/politica-de-privacidad\/#breadcrumb","itemListElement":[{"@type":"ListItem","position":1,"name":"Portada","item":"https:\/\/elpatriarcal.com\/"},{"@type":"ListItem","position":2,"name":"Pol\u00edtica de Privacidad"}]},{"@type":"WebSite","@id":"https:\/\/elpatriarcal.com\/#website","url":"https:\/\/elpatriarcal.com\/","name":"Cortijo el Patriarcal","description":"","publisher":{"@id":"https:\/\/elpatriarcal.com\/#organization"},"potentialAction":[{"@type":"SearchAction","target":{"@type":"EntryPoint","urlTemplate":"https:\/\/elpatriarcal.com\/?s={search_term_string}"},"query-input":{"@type":"PropertyValueSpecification","valueRequired":true,"valueName":"search_term_string"}}],"inLanguage":"en-GB"},{"@type":"Organization","@id":"https:\/\/elpatriarcal.com\/#organization","name":"Cortijo el Patriarcal","url":"https:\/\/elpatriarcal.com\/","logo":{"@type":"ImageObject","inLanguage":"en-GB","@id":"https:\/\/elpatriarcal.com\/#\/schema\/logo\/image\/","url":"https:\/\/elpatriarcal.com\/wp-content\/uploads\/2024\/02\/Diseno-sin-titulo-_11_.webp","contentUrl":"https:\/\/elpatriarcal.com\/wp-content\/uploads\/2024\/02\/Diseno-sin-titulo-_11_.webp","width":675,"height":675,"caption":"Cortijo el Patriarcal"},"image":{"@id":"https:\/\/elpatriarcal.com\/#\/schema\/logo\/image\/"},"sameAs":["https:\/\/www.facebook.com\/cortijoelpatriarcal.es"]}]}},"_links":{"self":[{"href":"https:\/\/elpatriarcal.com\/en\/wp-json\/wp\/v2\/pages\/550","targetHints":{"allow":["GET"]}}],"collection":[{"href":"https:\/\/elpatriarcal.com\/en\/wp-json\/wp\/v2\/pages"}],"about":[{"href":"https:\/\/elpatriarcal.com\/en\/wp-json\/wp\/v2\/types\/page"}],"author":[{"embeddable":true,"href":"https:\/\/elpatriarcal.com\/en\/wp-json\/wp\/v2\/users\/1"}],"replies":[{"embeddable":true,"href":"https:\/\/elpatriarcal.com\/en\/wp-json\/wp\/v2\/comments?post=550"}],"version-history":[{"count":4,"href":"https:\/\/elpatriarcal.com\/en\/wp-json\/wp\/v2\/pages\/550\/revisions"}],"predecessor-version":[{"id":1361,"href":"https:\/\/elpatriarcal.com\/en\/wp-json\/wp\/v2\/pages\/550\/revisions\/1361"}],"wp:attachment":[{"href":"https:\/\/elpatriarcal.com\/en\/wp-json\/wp\/v2\/media?parent=550"}],"curies":[{"name":"wp","href":"https:\/\/api.w.org\/{rel}","templated":true}]}}